{"id":206,"date":"2025-08-06T10:36:36","date_gmt":"2025-08-06T10:36:36","guid":{"rendered":"https:\/\/genivs.es\/?page_id=206"},"modified":"2025-10-24T08:42:03","modified_gmt":"2025-10-24T08:42:03","slug":"quienes-somos","status":"publish","type":"page","link":"https:\/\/genivs.es\/index.php\/quienes-somos\/","title":{"rendered":"Qui\u00e9nes somos"},"content":{"rendered":"\t\t<div data-elementor-type=\"wp-page\" data-elementor-id=\"206\" class=\"elementor elementor-206\" data-elementor-post-type=\"page\">\n\t\t\t\t\t\t<section class=\"elementor-section elementor-top-section elementor-element elementor-element-6e6bf28d elementor-section-boxed elementor-section-height-default elementor-section-height-default\" data-id=\"6e6bf28d\" data-element_type=\"section\" data-settings=\"{&quot;background_background&quot;:&quot;video&quot;,&quot;background_video_link&quot;:&quot;https:\\\/\\\/www.youtube.com\\\/watch?v=omaTcIbwt9c&quot;,&quot;background_play_on_mobile&quot;:&quot;yes&quot;}\">\n\t\t\t\t\t\t\t\t<div class=\"elementor-background-video-container\" aria-hidden=\"true\">\n\t\t\t\t\t\t\t\t\t\t\t\t\t<div class=\"elementor-background-video-embed\"><\/div>\n\t\t\t\t\t\t\t\t\t\t\t\t<\/div>\n\t\t\t\t\t\t\t\t\t<div class=\"elementor-background-overlay\"><\/div>\n\t\t\t\t\t\t\t<div class=\"elementor-container elementor-column-gap-default\">\n\t\t\t\t\t<div class=\"elementor-column elementor-col-100 elementor-top-column elementor-element elementor-element-67359525\" data-id=\"67359525\" data-element_type=\"column\">\n\t\t\t<div class=\"elementor-widget-wrap elementor-element-populated\">\n\t\t\t\t\t\t<div class=\"elementor-element elementor-element-8f313c8 elementor-widget-divider--view-line elementor-invisible elementor-widget elementor-widget-divider\" data-id=\"8f313c8\" data-element_type=\"widget\" data-settings=\"{&quot;_animation&quot;:&quot;fadeInUp&quot;}\" data-widget_type=\"divider.default\">\n\t\t\t\t\t\t\t<div class=\"elementor-divider\">\n\t\t\t<span class=\"elementor-divider-separator\">\n\t\t\t\t\t\t<\/span>\n\t\t<\/div>\n\t\t\t\t\t\t<\/div>\n\t\t\t\t<div class=\"elementor-element elementor-element-7aaf2d77 elementor-invisible elementor-widget elementor-widget-heading\" data-id=\"7aaf2d77\" data-element_type=\"widget\" data-settings=\"{&quot;_animation&quot;:&quot;fadeInLeft&quot;,&quot;_animation_delay&quot;:300}\" data-widget_type=\"heading.default\">\n\t\t\t\t\t<h1 class=\"elementor-heading-title elementor-size-default\">Sobre nosotros<\/h1>\t\t\t\t<\/div>\n\t\t\t\t\t<\/div>\n\t\t<\/div>\n\t\t\t\t\t<\/div>\n\t\t<\/section>\n\t\t\t\t<section class=\"elementor-section elementor-top-section elementor-element elementor-element-6ba98d9a elementor-section-boxed elementor-section-height-default elementor-section-height-default\" data-id=\"6ba98d9a\" data-element_type=\"section\" data-settings=\"{&quot;background_background&quot;:&quot;classic&quot;}\">\n\t\t\t\t\t\t\t<div class=\"elementor-background-overlay\"><\/div>\n\t\t\t\t\t\t\t<div class=\"elementor-container elementor-column-gap-default\">\n\t\t\t\t\t<div class=\"elementor-column elementor-col-100 elementor-top-column elementor-element elementor-element-7b3a2833\" data-id=\"7b3a2833\" data-element_type=\"column\">\n\t\t\t<div class=\"elementor-widget-wrap elementor-element-populated\">\n\t\t\t\t\t\t<div class=\"elementor-element elementor-element-5c285e98 elementor-invisible elementor-widget elementor-widget-heading\" data-id=\"5c285e98\" data-element_type=\"widget\" data-settings=\"{&quot;_animation&quot;:&quot;fadeInLeft&quot;,&quot;_animation_mobile&quot;:&quot;fadeInUp&quot;}\" data-widget_type=\"heading.default\">\n\t\t\t\t\t<h2 class=\"elementor-heading-title elementor-size-default\">FINANCIACION Y ESTRUCTURA\n<\/h2>\t\t\t\t<\/div>\n\t\t\t\t<section class=\"elementor-section elementor-inner-section elementor-element elementor-element-ae59e0e elementor-section-boxed elementor-section-height-default elementor-section-height-default elementor-invisible\" data-id=\"ae59e0e\" data-element_type=\"section\" data-settings=\"{&quot;animation&quot;:&quot;fadeInUp&quot;,&quot;animation_delay&quot;:400}\">\n\t\t\t\t\t\t<div class=\"elementor-container elementor-column-gap-default\">\n\t\t\t\t\t<div class=\"elementor-column elementor-col-50 elementor-inner-column elementor-element elementor-element-847f4a1\" data-id=\"847f4a1\" data-element_type=\"column\">\n\t\t\t<div class=\"elementor-widget-wrap elementor-element-populated\">\n\t\t\t\t\t\t<div class=\"elementor-element elementor-element-5ffc9f2 elementor-widget elementor-widget-text-editor\" data-id=\"5ffc9f2\" data-element_type=\"widget\" data-widget_type=\"text-editor.default\">\n\t\t\t\t\t\t\t\t\t<p>GENIVS fue autorizada por la CNMV el 12 de septiembre 2025. Estas son las caracter\u00edsticas b\u00e1sicas de la SICC:<\/p><ul><li>Sociedad de Inversi\u00f3n de Colectiva de tipo Cerrado (SICC)<\/li><li>Propuesta destinada a inversores profesionales e inversores de impacto.<\/li><li>Gesti\u00f3n por Alaluz Capital, entidad gestora SGIIC regulada por la CNMV.<\/li><li>Estrategia de inversi\u00f3n: infraestructuras de vivienda protegida de alquiler <br \/>en terrenos en concesi\u00f3n o derecho de superficie en las principales ciudades de Espa\u00f1a y con regulaci\u00f3n estable y alquileres indexados a la inflaci\u00f3n.<\/li><li>Tama\u00f1o de la Sociedad (equity): 150 a 250 millones de euros (objetivo 250).<\/li><li>Retorno estimado: 10% neto.<\/li><\/ul>\t\t\t\t\t\t\t\t<\/div>\n\t\t\t\t\t<\/div>\n\t\t<\/div>\n\t\t\t\t<div class=\"elementor-column elementor-col-50 elementor-inner-column elementor-element elementor-element-131a997\" data-id=\"131a997\" data-element_type=\"column\">\n\t\t\t<div class=\"elementor-widget-wrap elementor-element-populated\">\n\t\t\t\t\t\t<div class=\"elementor-element elementor-element-05f8ce1 elementor-widget elementor-widget-text-editor\" data-id=\"05f8ce1\" data-element_type=\"widget\" data-widget_type=\"text-editor.default\">\n\t\t\t\t\t\t\t\t\t<ul><li>Incentivos a la gesti\u00f3n: Reparto 82%\/18% (inversores\/gestores) del exceso sobre hurdle rate.<br \/>Nota: 50% de la comisi\u00f3n de \u00e9xito vinculada a alcanzar m\u00edn.70% vivienda protegida, con posibilidad de establecer otros objetivos<\/li><li>Financiaci\u00f3n externa (deuda): hasta un 80% LTC (estimado 60%-70%).<\/li><\/ul>\t\t\t\t\t\t\t\t<\/div>\n\t\t\t\t\t<\/div>\n\t\t<\/div>\n\t\t\t\t\t<\/div>\n\t\t<\/section>\n\t\t\t\t<div class=\"elementor-element elementor-element-5a221fd elementor-invisible elementor-widget elementor-widget-heading\" data-id=\"5a221fd\" data-element_type=\"widget\" data-settings=\"{&quot;_animation&quot;:&quot;fadeInLeft&quot;,&quot;_animation_mobile&quot;:&quot;fadeInUp&quot;}\" data-widget_type=\"heading.default\">\n\t\t\t\t\t<h2 class=\"elementor-heading-title elementor-size-default\">FACTORES DE EXITO\n\n<\/h2>\t\t\t\t<\/div>\n\t\t\t\t<section class=\"elementor-section elementor-inner-section elementor-element elementor-element-18bfa33 elementor-section-boxed elementor-section-height-default elementor-section-height-default elementor-invisible\" data-id=\"18bfa33\" data-element_type=\"section\" data-settings=\"{&quot;animation&quot;:&quot;fadeInUp&quot;,&quot;animation_delay&quot;:400}\">\n\t\t\t\t\t\t<div class=\"elementor-container elementor-column-gap-default\">\n\t\t\t\t\t<div class=\"elementor-column elementor-col-50 elementor-inner-column elementor-element elementor-element-9fefd5b\" data-id=\"9fefd5b\" data-element_type=\"column\">\n\t\t\t<div class=\"elementor-widget-wrap elementor-element-populated\">\n\t\t\t\t\t\t<div class=\"elementor-element elementor-element-300a3ad elementor-widget elementor-widget-text-editor\" data-id=\"300a3ad\" data-element_type=\"widget\" data-widget_type=\"text-editor.default\">\n\t\t\t\t\t\t\t\t\t<p>Propuesta anclada en la experiencia en el sector de vivienda social del equipo de gesti\u00f3n y las organizaciones aliadas; y que responde a la enorme necesidad de vivienda social en Espa\u00f1a.<\/p><ul><li>Conocimiento del sector: Equipo con amplia experiencia en el sector residencial, y en particular en vivienda protegida.<\/li><li>Experiencia con Administraciones publicas: Experiencia contrastada en trabajo con administraciones p\u00fablicas, incluida la participaci\u00f3n en <br \/>concursos, y en el desarrollo de viviendas en cumplimiento de normativas y procesos relevantes.\u00a0<\/li><li>Elevada demanda de viviendas: Demanda que multiplica con creces la oferta de viviendas, especialmente dada localizaci\u00f3n de los <br \/>proyectos.<\/li><li>Inter\u00e9s de la Administraci\u00f3n P\u00fablica: Eclosi\u00f3n de oportunidades y proyectos en suelo p\u00fablico con reciente publicaci\u00f3n de numerosos <br \/>concursos en Madrid, Barcelona, Zaragoza, M\u00e1laga, etc.<\/li><\/ul>\t\t\t\t\t\t\t\t<\/div>\n\t\t\t\t\t<\/div>\n\t\t<\/div>\n\t\t\t\t<div class=\"elementor-column elementor-col-50 elementor-inner-column elementor-element elementor-element-d3d8dbd\" data-id=\"d3d8dbd\" data-element_type=\"column\">\n\t\t\t<div class=\"elementor-widget-wrap elementor-element-populated\">\n\t\t\t\t\t\t<div class=\"elementor-element elementor-element-0ed30e0 elementor-widget elementor-widget-text-editor\" data-id=\"0ed30e0\" data-element_type=\"widget\" data-widget_type=\"text-editor.default\">\n\t\t\t\t\t\t\t\t\t<ul><li>Gesti\u00f3n experta social del alquiler y medici\u00f3n de impacto: Operadores de alquiler con experiencia cada uno de gesti\u00f3n de m\u00e1s de 1.000 viviendas de alquiler; y equipo con elevada experiencia en gesti\u00f3n de vivienda social (HousingAssociations) y medici\u00f3n de impacto.\u00a0<\/li><li>Estrategia de salida: Entradas de nuevos inversores una vez la fase de ejecuci\u00f3n y gesti\u00f3n de alquileres est\u00e9 estabilizada, con retornos estables y ajustados a la inflaci\u00f3n. Por otra parte, las viviendas permanecen en todos los casos como vivienda protegida en suelo p\u00fablico.\u00a0<\/li><\/ul><p>En resumen, ante la principal preocupaci\u00f3n de los espa\u00f1oles, esta propuesta innovadora introduce el primer veh\u00edculo en Espa\u00f1a con impacto social en el \u00e1mbito de la vivienda. Surge en alianza con organizaciones sociales y empresas comprometidas con la responsabilidad social. Ofrece una rentabilidad econ\u00f3mica de mercado junto con un impacto social positivo y medible, a trav\u00e9s de un modelo replicable y escalable.<\/p>\t\t\t\t\t\t\t\t<\/div>\n\t\t\t\t\t<\/div>\n\t\t<\/div>\n\t\t\t\t\t<\/div>\n\t\t<\/section>\n\t\t\t\t<section class=\"elementor-section elementor-inner-section elementor-element elementor-element-3387c5f5 elementor-section-boxed elementor-section-height-default elementor-section-height-default\" data-id=\"3387c5f5\" data-element_type=\"section\">\n\t\t\t\t\t\t<div class=\"elementor-container elementor-column-gap-default\">\n\t\t\t\t\t<div class=\"elementor-column elementor-col-50 elementor-inner-column elementor-element elementor-element-1c83463d elementor-invisible\" data-id=\"1c83463d\" data-element_type=\"column\" data-settings=\"{&quot;animation&quot;:&quot;fadeInLeft&quot;,&quot;animation_mobile&quot;:&quot;fadeIn&quot;}\">\n\t\t\t<div class=\"elementor-widget-wrap elementor-element-populated\">\n\t\t\t\t\t\t<div class=\"elementor-element elementor-element-d18990d elementor-widget elementor-widget-image\" data-id=\"d18990d\" data-element_type=\"widget\" data-widget_type=\"image.default\">\n\t\t\t\t\t\t\t\t\t\t\t\t\t\t\t<img decoding=\"async\" src=\"https:\/\/genivs.es\/wp-content\/uploads\/elementor\/thumbs\/04-aboutus1-r9wxuba8ud7lk5knt3idf3u1aokuxgl8vq1gc21xbo.jpg\" title=\"04-aboutus1.jpg\" alt=\"04-aboutus1.jpg\" loading=\"lazy\" \/>\t\t\t\t\t\t\t\t\t\t\t\t\t\t\t<\/div>\n\t\t\t\t\t<\/div>\n\t\t<\/div>\n\t\t\t\t<div class=\"elementor-column elementor-col-50 elementor-inner-column elementor-element elementor-element-186eadb8 elementor-invisible\" data-id=\"186eadb8\" data-element_type=\"column\" data-settings=\"{&quot;animation&quot;:&quot;fadeInRight&quot;,&quot;animation_mobile&quot;:&quot;fadeIn&quot;}\">\n\t\t\t<div class=\"elementor-widget-wrap elementor-element-populated\">\n\t\t\t\t\t\t<div class=\"elementor-element elementor-element-200b4523 elementor-widget elementor-widget-image\" data-id=\"200b4523\" data-element_type=\"widget\" data-widget_type=\"image.default\">\n\t\t\t\t\t\t\t\t\t\t\t\t\t\t\t<img decoding=\"async\" src=\"https:\/\/genivs.es\/wp-content\/uploads\/elementor\/thumbs\/jason-leung-798979-unsplash-r9wxlera3v0tl4i8sqylaupuqagp0o8rznkvop969g.jpg\" title=\"jason-leung-798979-unsplash.jpg\" alt=\"jason-leung-798979-unsplash.jpg\" loading=\"lazy\" \/>\t\t\t\t\t\t\t\t\t\t\t\t\t\t\t<\/div>\n\t\t\t\t\t<\/div>\n\t\t<\/div>\n\t\t\t\t\t<\/div>\n\t\t<\/section>\n\t\t\t\t\t<\/div>\n\t\t<\/div>\n\t\t\t\t\t<\/div>\n\t\t<\/section>\n\t\t\t\t<\/div>\n\t\t","protected":false},"excerpt":{"rendered":"<p>Sobre nosotros FINANCIACION Y ESTRUCTURA GENIVS fue autorizada por la CNMV el 12 de septiembre 2025. Estas son las caracter\u00edsticas [&hellip;]<\/p>\n","protected":false},"author":1,"featured_media":0,"parent":0,"menu_order":0,"comment_status":"closed","ping_status":"closed","template":"","meta":{"site-sidebar-layout":"no-sidebar","site-content-layout":"","ast-site-content-layout":"full-width-container","site-content-style":"default","site-sidebar-style":"default","ast-global-header-display":"","ast-banner-title-visibility":"","ast-main-header-display":"","ast-hfb-above-header-display":"","ast-hfb-below-header-display":"","ast-hfb-mobile-header-display":"","site-post-title":"disabled","ast-breadcrumbs-content":"","ast-featured-img":"disabled","footer-sml-layout":"","ast-disable-related-posts":"","theme-transparent-header-meta":"","adv-header-id-meta":"","stick-header-meta":"","header-above-stick-meta":"","header-main-stick-meta":"","header-below-stick-meta":"","astra-migrate-meta-layouts":"default","ast-page-background-enabled":"default","ast-page-background-meta":{"desktop":{"background-color":"var(--ast-global-color-5)","background-image":"","background-repeat":"repeat","background-position":"center center","background-size":"auto","background-attachment":"scroll","background-type":"","background-media":"","overlay-type":"","overlay-color":"","overlay-opacity":"","overlay-gradient":""},"tablet":{"background-color":"","background-image":"","background-repeat":"repeat","background-position":"center center","background-size":"auto","background-attachment":"scroll","background-type":"","background-media":"","overlay-type":"","overlay-color":"","overlay-opacity":"","overlay-gradient":""},"mobile":{"background-color":"","background-image":"","background-repeat":"repeat","background-position":"center center","background-size":"auto","background-attachment":"scroll","background-type":"","background-media":"","overlay-type":"","overlay-color":"","overlay-opacity":"","overlay-gradient":""}},"ast-content-background-meta":{"desktop":{"background-color":"var(--ast-global-color-4)","background-image":"","background-repeat":"repeat","background-position":"center center","background-size":"auto","background-attachment":"scroll","background-type":"","background-media":"","overlay-type":"","overlay-color":"","overlay-opacity":"","overlay-gradient":""},"tablet":{"background-color":"var(--ast-global-color-4)","background-image":"","background-repeat":"repeat","background-position":"center center","background-size":"auto","background-attachment":"scroll","background-type":"","background-media":"","overlay-type":"","overlay-color":"","overlay-opacity":"","overlay-gradient":""},"mobile":{"background-color":"var(--ast-global-color-4)","background-image":"","background-repeat":"repeat","background-position":"center center","background-size":"auto","background-attachment":"scroll","background-type":"","background-media":"","overlay-type":"","overlay-color":"","overlay-opacity":"","overlay-gradient":""}},"footnotes":""},"class_list":["post-206","page","type-page","status-publish","hentry"],"_links":{"self":[{"href":"https:\/\/genivs.es\/index.php\/wp-json\/wp\/v2\/pages\/206","targetHints":{"allow":["GET"]}}],"collection":[{"href":"https:\/\/genivs.es\/index.php\/wp-json\/wp\/v2\/pages"}],"about":[{"href":"https:\/\/genivs.es\/index.php\/wp-json\/wp\/v2\/types\/page"}],"author":[{"embeddable":true,"href":"https:\/\/genivs.es\/index.php\/wp-json\/wp\/v2\/users\/1"}],"replies":[{"embeddable":true,"href":"https:\/\/genivs.es\/index.php\/wp-json\/wp\/v2\/comments?post=206"}],"version-history":[{"count":67,"href":"https:\/\/genivs.es\/index.php\/wp-json\/wp\/v2\/pages\/206\/revisions"}],"predecessor-version":[{"id":802,"href":"https:\/\/genivs.es\/index.php\/wp-json\/wp\/v2\/pages\/206\/revisions\/802"}],"wp:attachment":[{"href":"https:\/\/genivs.es\/index.php\/wp-json\/wp\/v2\/media?parent=206"}],"curies":[{"name":"wp","href":"https:\/\/api.w.org\/{rel}","templated":true}]}}