{"id":416,"date":"2025-09-25T10:09:58","date_gmt":"2025-09-25T10:09:58","guid":{"rendered":"https:\/\/genivs.es\/?page_id=416"},"modified":"2025-09-25T10:09:59","modified_gmt":"2025-09-25T10:09:59","slug":"aviso-legal","status":"publish","type":"page","link":"https:\/\/genivs.es\/index.php\/aviso-legal\/","title":{"rendered":"Aviso Legal"},"content":{"rendered":"\n<p>En cumplimiento con el deber de informaci\u00f3n recogido en el art\u00edculo 10 de la Ley 34\/2002, de 11 de julio, de Servicios de la Sociedad de la Informaci\u00f3n y de Comercio Electr\u00f3nico (LSSI-CE), se informa de lo siguiente:<\/p>\n\n\n\n<ul class=\"wp-block-list\">\n<li><strong>Titular:<\/strong> GENIVS INSULAE SICC SA<\/li>\n\n\n\n<li><strong>NIF:<\/strong> A75990606<\/li>\n\n\n\n<li><strong>Domicilio social:<\/strong> Plaza Independencia, 8, 28001, Madrid (Espa\u00f1a)<\/li>\n\n\n\n<li><strong>Correo electr\u00f3nico:<\/strong> <a>genivsinsulae@alaluzcapital.com<\/a><\/li>\n<\/ul>\n\n\n\n<p>El presente Aviso Legal regula el uso del sitio web titularidad de <strong>GENIVS INSULAE SICC SA<\/strong> (en adelante, \u201cla Empresa\u201d).<\/p>\n\n\n\n<h3 class=\"wp-block-heading\">Uso de la web<\/h3>\n\n\n\n<p>El acceso y uso de esta web atribuye la condici\u00f3n de usuario, e implica la aceptaci\u00f3n plena y sin reservas de todas las disposiciones incluidas en este Aviso Legal.<br>El usuario se compromete a hacer un uso adecuado de los contenidos y servicios, a no emplearlos para actividades il\u00edcitas, y a respetar los derechos e intereses de terceros.<\/p>\n\n\n\n<h3 class=\"wp-block-heading\">Propiedad intelectual e industrial<\/h3>\n\n\n\n<p>Todos los contenidos del sitio web (textos, im\u00e1genes, logotipos, dise\u00f1os, software, c\u00f3digo fuente, etc.) son titularidad de <strong>GENIVS INSULAE SICC SA<\/strong> o, en su caso, de terceros que han autorizado su uso. Queda prohibida su reproducci\u00f3n, distribuci\u00f3n o transformaci\u00f3n sin autorizaci\u00f3n expresa.<\/p>\n\n\n\n<h3 class=\"wp-block-heading\">Responsabilidad<\/h3>\n\n\n\n<p>La Empresa no se responsabiliza del uso indebido que los usuarios puedan realizar del sitio web ni de los da\u00f1os que puedan derivarse del acceso o mal uso de sus contenidos.<br>Tampoco se garantiza la disponibilidad permanente de los servicios online, pudiendo ser suspendidos temporalmente por motivos t\u00e9cnicos o de mantenimiento.<\/p>\n\n\n\n<h3 class=\"wp-block-heading\">Enlaces externos<\/h3>\n\n\n\n<p>Este sitio web puede contener enlaces a p\u00e1ginas externas de terceros. La Empresa no se responsabiliza de los contenidos de dichos sitios externos.<\/p>\n","protected":false},"excerpt":{"rendered":"<p>En cumplimiento con el deber de informaci\u00f3n recogido en el art\u00edculo 10 de la Ley 34\/2002, de 11 de julio, [&hellip;]<\/p>\n","protected":false},"author":1,"featured_media":0,"parent":0,"menu_order":0,"comment_status":"closed","ping_status":"closed","template":"","meta":{"site-sidebar-layout":"default","site-content-layout":"","ast-site-content-layout":"default","site-content-style":"default","site-sidebar-style":"default","ast-global-header-display":"","ast-banner-title-visibility":"","ast-main-header-display":"","ast-hfb-above-header-display":"","ast-hfb-below-header-display":"","ast-hfb-mobile-header-display":"","site-post-title":"","ast-breadcrumbs-content":"","ast-featured-img":"","footer-sml-layout":"","ast-disable-related-posts":"","theme-transparent-header-meta":"","adv-header-id-meta":"","stick-header-meta":"","header-above-stick-meta":"","header-main-stick-meta":"","header-below-stick-meta":"","astra-migrate-meta-layouts":"default","ast-page-background-enabled":"default","ast-page-background-meta":{"desktop":{"background-color":"var(--ast-global-color-5)","background-image":"","background-repeat":"repeat","background-position":"center center","background-size":"auto","background-attachment":"scroll","background-type":"","background-media":"","overlay-type":"","overlay-color":"","overlay-opacity":"","overlay-gradient":""},"tablet":{"background-color":"","background-image":"","background-repeat":"repeat","background-position":"center center","background-size":"auto","background-attachment":"scroll","background-type":"","background-media":"","overlay-type":"","overlay-color":"","overlay-opacity":"","overlay-gradient":""},"mobile":{"background-color":"","background-image":"","background-repeat":"repeat","background-position":"center center","background-size":"auto","background-attachment":"scroll","background-type":"","background-media":"","overlay-type":"","overlay-color":"","overlay-opacity":"","overlay-gradient":""}},"ast-content-background-meta":{"desktop":{"background-color":"var(--ast-global-color-4)","background-image":"","background-repeat":"repeat","background-position":"center center","background-size":"auto","background-attachment":"scroll","background-type":"","background-media":"","overlay-type":"","overlay-color":"","overlay-opacity":"","overlay-gradient":""},"tablet":{"background-color":"var(--ast-global-color-4)","background-image":"","background-repeat":"repeat","background-position":"center center","background-size":"auto","background-attachment":"scroll","background-type":"","background-media":"","overlay-type":"","overlay-color":"","overlay-opacity":"","overlay-gradient":""},"mobile":{"background-color":"var(--ast-global-color-4)","background-image":"","background-repeat":"repeat","background-position":"center center","background-size":"auto","background-attachment":"scroll","background-type":"","background-media":"","overlay-type":"","overlay-color":"","overlay-opacity":"","overlay-gradient":""}},"footnotes":""},"class_list":["post-416","page","type-page","status-publish","hentry"],"_links":{"self":[{"href":"https:\/\/genivs.es\/index.php\/wp-json\/wp\/v2\/pages\/416","targetHints":{"allow":["GET"]}}],"collection":[{"href":"https:\/\/genivs.es\/index.php\/wp-json\/wp\/v2\/pages"}],"about":[{"href":"https:\/\/genivs.es\/index.php\/wp-json\/wp\/v2\/types\/page"}],"author":[{"embeddable":true,"href":"https:\/\/genivs.es\/index.php\/wp-json\/wp\/v2\/users\/1"}],"replies":[{"embeddable":true,"href":"https:\/\/genivs.es\/index.php\/wp-json\/wp\/v2\/comments?post=416"}],"version-history":[{"count":1,"href":"https:\/\/genivs.es\/index.php\/wp-json\/wp\/v2\/pages\/416\/revisions"}],"predecessor-version":[{"id":417,"href":"https:\/\/genivs.es\/index.php\/wp-json\/wp\/v2\/pages\/416\/revisions\/417"}],"wp:attachment":[{"href":"https:\/\/genivs.es\/index.php\/wp-json\/wp\/v2\/media?parent=416"}],"curies":[{"name":"wp","href":"https:\/\/api.w.org\/{rel}","templated":true}]}}